{"id":9,"date":"2025-07-17T13:52:51","date_gmt":"2025-07-17T13:52:51","guid":{"rendered":"https:\/\/gussenbauer.at\/?page_id=9"},"modified":"2025-10-21T11:52:17","modified_gmt":"2025-10-21T11:52:17","slug":"impressum","status":"publish","type":"page","link":"https:\/\/gussenbauer.at\/","title":{"rendered":"Impressum"},"content":{"rendered":"\t\t<div data-elementor-type=\"wp-page\" data-elementor-id=\"9\" class=\"elementor elementor-9\">\n\t\t\t\t<div class=\"elementor-element elementor-element-c9c4dfb e-flex e-con-boxed e-con e-parent\" data-id=\"c9c4dfb\" data-element_type=\"container\">\n\t\t\t\t\t<div class=\"e-con-inner\">\n\t\t\t\t<div class=\"elementor-element elementor-element-ce0023b elementor-widget elementor-widget-heading\" data-id=\"ce0023b\" data-element_type=\"widget\" data-widget_type=\"heading.default\">\n\t\t\t\t\t<h1 class=\"elementor-heading-title elementor-size-default\">Hier entsteht etwas Neues!<\/h1>\t\t\t\t<\/div>\n\t\t\t\t\t<\/div>\n\t\t\t\t<\/div>\n\t\t<div class=\"elementor-element elementor-element-e3ba527 e-flex e-con-boxed e-con e-parent\" data-id=\"e3ba527\" data-element_type=\"container\">\n\t\t\t\t\t<div class=\"e-con-inner\">\n\t\t\t\t<div class=\"elementor-element elementor-element-3a2e282 elementor-widget elementor-widget-text-editor\" data-id=\"3a2e282\" data-element_type=\"widget\" data-widget_type=\"text-editor.default\">\n\t\t\t\t\t\t\t\t\t<p>Medieninhaber, Herausgeber<br \/>Firmenname: L. Gussenbauer &amp; Sohn Spezialbauunternehmung GmbH.<br \/>Adresse: 1040 Wien, Karolinengasse 17<br \/>Sitz: Wien<br \/>UID: ATU 59053507<br \/>Firmenbuchnummer: FN122930f,<br \/>Handelsgericht Wien<br \/><br \/>Tel.: +43 1 505 58 58<br \/>E-Mail: <a href=\"mailto:office@gussenbauer.at\" target=\"_blank\" rel=\"noopener\">office@gussenbauer.at<\/a><br \/>Web: <a href=\"http:\/\/www.gussenbauer.at\/\" target=\"_blank\" rel=\"noopener\" data-saferedirecturl=\"https:\/\/www.google.com\/url?q=http:\/\/www.gussenbauer.at&amp;source=gmail&amp;ust=1761133889298000&amp;usg=AOvVaw3qXLuw599pUBelLKbJ846V\">www.gussenbauer.at<\/a><br \/>Zugeh\u00f6rigkeit<br \/>L. Gussenbauer &amp; Sohn Spezialbauunternehmung GmbH. ist Mitglied der WKO und im Sinne der Gewerbeordnung zur Aus\u00fcbung aller ihrem Gesch\u00e4ftszweck dienenden Gewerbe durch Erteilung der entsprechenden Gewerbeberechtigung befugt. F\u00fcr n\u00e4here Informationen hinsichtlich unserer gewerbe- und berufsrechtlichen Vorschriften informieren Sie sich bitte im Internet beim Rechtsinformationssystem unter <a href=\"http:\/\/www.ris.bka.gv.at\/\" target=\"_blank\" rel=\"noopener\" data-saferedirecturl=\"https:\/\/www.google.com\/url?q=http:\/\/www.ris.bka.gv.at&amp;source=gmail&amp;ust=1761133889298000&amp;usg=AOvVaw0jTOiYmjwp6-FHn2SaACLP\">www.ris.bka.gv.at<\/a>.<br \/>Haftungsausschluss<br \/>Die L. Gussenbauer &amp; Sohn Spezialbauunternehmung GmbH. geht bei der Erfassung der auf dieser Website angebotenen Informationen mit gro\u00dfer Sorgfalt vor. Die auf dieser Website angebotenen Informationen werden laufend ohne vorherige Ank\u00fcndigung aktualisiert und \u00fcberpr\u00fcft, sodass sich Daten zwischenzeitig \u00e4ndern k\u00f6nnen.<br \/>Die L. Gussenbauer &amp; Sohn Spezialbauunternehmung GmbH. \u00fcbernimmt daher keine Gew\u00e4hrleistung oder Garantie f\u00fcr Aktualit\u00e4t, Richtigkeit und Vollst\u00e4ndigkeit der Informationen und haftet nicht f\u00fcr unmittelbare, konkrete Sch\u00e4den oder Folgesch\u00e4den oder sonstige Sch\u00e4den jeglicher Art, die aus welchem Grund auch immer im Zusammenhang mit dem indirekten oder direkten Gebrauch der auf dieser Website bereitgestellte Informationen entstehen. Ebenso gilt dies f\u00fcr alle anderen Websites, auf die mittels Hyperlink verwiesen wird.<br \/>Wir weisen ausdr\u00fccklich darauf hin, dass diese Website ausschlie\u00dflich informativen Charakter hat, sodass eine rechtsgesch\u00e4ftliche Bindung unseres Unternehmens oder sonstige Verpflichtung in welcher Form auch immer im Online-Wege ausgeschlossen ist.<\/p>\t\t\t\t\t\t\t\t<\/div>\n\t\t\t\t\t<\/div>\n\t\t\t\t<\/div>\n\t\t\t\t<\/div>\n\t\t","protected":false},"excerpt":{"rendered":"<p>Hier entsteht etwas Neues! Medieninhaber, HerausgeberFirmenname: L. Gussenbauer &amp; Sohn Spezialbauunternehmung GmbH.Adresse: 1040 Wien, Karolinengasse 17Sitz: WienUID: ATU 59053507Firmenbuchnummer: FN122930f,Handelsgericht Wien Tel.: +43 1 505 58 58E-Mail: office@gussenbauer.atWeb: www.gussenbauer.atZugeh\u00f6rigkeitL. Gussenbauer &amp; Sohn Spezialbauunternehmung GmbH. ist Mitglied der WKO und im Sinne der Gewerbeordnung zur Aus\u00fcbung aller ihrem Gesch\u00e4ftszweck dienenden Gewerbe durch Erteilung der entsprechenden Gewerbeberechtigung [&hellip;]<\/p>\n","protected":false},"author":1,"featured_media":0,"parent":0,"menu_order":0,"comment_status":"closed","ping_status":"closed","template":"","meta":{"footnotes":""},"class_list":["post-9","page","type-page","status-publish","hentry"],"_links":{"self":[{"href":"https:\/\/gussenbauer.at\/index.php?rest_route=\/wp\/v2\/pages\/9","targetHints":{"allow":["GET"]}}],"collection":[{"href":"https:\/\/gussenbauer.at\/index.php?rest_route=\/wp\/v2\/pages"}],"about":[{"href":"https:\/\/gussenbauer.at\/index.php?rest_route=\/wp\/v2\/types\/page"}],"author":[{"embeddable":true,"href":"https:\/\/gussenbauer.at\/index.php?rest_route=\/wp\/v2\/users\/1"}],"replies":[{"embeddable":true,"href":"https:\/\/gussenbauer.at\/index.php?rest_route=%2Fwp%2Fv2%2Fcomments&post=9"}],"version-history":[{"count":10,"href":"https:\/\/gussenbauer.at\/index.php?rest_route=\/wp\/v2\/pages\/9\/revisions"}],"predecessor-version":[{"id":31,"href":"https:\/\/gussenbauer.at\/index.php?rest_route=\/wp\/v2\/pages\/9\/revisions\/31"}],"wp:attachment":[{"href":"https:\/\/gussenbauer.at\/index.php?rest_route=%2Fwp%2Fv2%2Fmedia&parent=9"}],"curies":[{"name":"wp","href":"https:\/\/api.w.org\/{rel}","templated":true}]}}